{"id":3573,"date":"2021-09-15T03:11:02","date_gmt":"2021-09-15T03:11:02","guid":{"rendered":"https:\/\/interpretation.crto.on.ca\/?page_id=3573"},"modified":"2021-11-30T21:14:26","modified_gmt":"2021-11-30T21:14:26","slug":"autres-considerations","status":"publish","type":"page","link":"https:\/\/interpretation.crto.on.ca\/fr\/autres-considerations\/","title":{"rendered":"Autres consid\u00e9rations"},"content":{"rendered":"<p>[et_pb_section fb_built=\u00a0\u00bb1&Prime; inner_shadow=\u00a0\u00bbon\u00a0\u00bb _builder_version=\u00a0\u00bb4.11.3&Prime; use_background_color_gradient=\u00a0\u00bbon\u00a0\u00bb background_color_gradient_start=\u00a0\u00bb#ffffff\u00a0\u00bb background_color_gradient_end=\u00a0\u00bbrgba(255,255,255,0.3)\u00a0\u00bb background_color_gradient_direction=\u00a0\u00bb90deg\u00a0\u00bb background_color_gradient_overlays_image=\u00a0\u00bbon\u00a0\u00bb background_image=\u00a0\u00bbhttps:\/\/interpretation.crto.on.ca\/wp-content\/uploads\/sites\/12\/2021\/11\/CRTO-other-considertions.jpg\u00a0\u00bb background_position=\u00a0\u00bbbottom_center\u00a0\u00bb custom_margin=\u00a0\u00bb||-6px|||\u00a0\u00bb custom_padding=\u00a0\u00bb50px||50px|\u00a0\u00bb hover_enabled=\u00a0\u00bb0&Prime; border_width_bottom=\u00a0\u00bb3px\u00a0\u00bb border_color_bottom=\u00a0\u00bb#696BAE\u00a0\u00bb global_colors_info=\u00a0\u00bb{}\u00a0\u00bb title_text=\u00a0\u00bbCRTO-other-considertions\u00a0\u00bb sticky_enabled=\u00a0\u00bb0&Prime;][et_pb_row _builder_version=\u00a0\u00bb4.6.6&Prime; background_size=\u00a0\u00bbinitial\u00a0\u00bb background_position=\u00a0\u00bbtop_left\u00a0\u00bb background_repeat=\u00a0\u00bbrepeat\u00a0\u00bb custom_padding=\u00a0\u00bb100px||100px||true|false\u00a0\u00bb global_colors_info=\u00a0\u00bb{}\u00a0\u00bb][et_pb_column type=\u00a0\u00bb4_4&Prime; _builder_version=\u00a0\u00bb3.25&Prime; custom_padding=\u00a0\u00bb|||\u00a0\u00bb global_colors_info=\u00a0\u00bb{}\u00a0\u00bb custom_padding__hover=\u00a0\u00bb|||\u00a0\u00bb][et_pb_text admin_label=\u00a0\u00bbSTANDARD TITLE\u00a0\u00bb _builder_version=\u00a0\u00bb4.9.5&Prime; header_font=\u00a0\u00bb|||on|||||\u00a0\u00bb module_alignment=\u00a0\u00bbleft\u00a0\u00bb global_colors_info=\u00a0\u00bb{}\u00a0\u00bb]<\/p>\n<h1><strong>Autres consid\u00e9rations<\/strong><\/h1>\n<p>[\/et_pb_text][\/et_pb_column][\/et_pb_row][\/et_pb_section][et_pb_section fb_built=\u00a0\u00bb1&Prime; _builder_version=\u00a0\u00bb4.6.6&Prime; _module_preset=\u00a0\u00bbdefault\u00a0\u00bb background_image=\u00a0\u00bbhttps:\/\/interpretation.crto.on.ca\/wp-content\/uploads\/sites\/12\/2021\/08\/crto-patternpurple-tall.jpg\u00a0\u00bb background_position=\u00a0\u00bbbottom_left\u00a0\u00bb border_width_top=\u00a0\u00bb3px\u00a0\u00bb border_color_top=\u00a0\u00bb#696bae\u00a0\u00bb border_width_bottom=\u00a0\u00bb3px\u00a0\u00bb border_color_bottom=\u00a0\u00bb#696bae\u00a0\u00bb global_colors_info=\u00a0\u00bb{}\u00a0\u00bb][et_pb_row column_structure=\u00a0\u00bb1_3,2_3&Prime; module_id=\u00a0\u00bblegislation\u00a0\u00bb _builder_version=\u00a0\u00bb4.9.5&Prime; global_colors_info=\u00a0\u00bb{}\u00a0\u00bb][et_pb_column type=\u00a0\u00bb1_3&Prime; _builder_version=\u00a0\u00bb3.25&Prime; custom_padding=\u00a0\u00bb|||\u00a0\u00bb global_colors_info=\u00a0\u00bb{}\u00a0\u00bb custom_padding__hover=\u00a0\u00bb|||\u00a0\u00bb][et_pb_text admin_label=\u00a0\u00bbPerformance\u00a0\u00bb _builder_version=\u00a0\u00bb4.9.5&Prime; header_font_size=\u00a0\u00bb45px\u00a0\u00bb custom_margin=\u00a0\u00bb||10px|\u00a0\u00bb global_colors_info=\u00a0\u00bb{}\u00a0\u00bb]<\/p>\n<h2><strong>Lois pertinentes<br \/>\n<\/strong><\/h2>\n<p>[\/et_pb_text][et_pb_divider show_divider=\u00a0\u00bboff\u00a0\u00bb disabled_on=\u00a0\u00bboff\u00a0\u00bb _builder_version=\u00a0\u00bb4.6.6&Prime; custom_margin=\u00a0\u00bb||15px|||\u00a0\u00bb custom_css_before=\u00a0\u00bbwidth: 130px; margin: auto;\u00a0\u00bb hide_on_mobile=\u00a0\u00bboff\u00a0\u00bb saved_tabs=\u00a0\u00bball\u00a0\u00bb global_colors_info=\u00a0\u00bb{}\u00a0\u00bb][\/et_pb_divider][\/et_pb_column][et_pb_column type=\u00a0\u00bb2_3&Prime; _builder_version=\u00a0\u00bb3.25&Prime; custom_padding=\u00a0\u00bb|||\u00a0\u00bb global_colors_info=\u00a0\u00bb{}\u00a0\u00bb custom_padding__hover=\u00a0\u00bb|||\u00a0\u00bb][et_pb_text admin_label=\u00a0\u00bbPerformance Expectations\u00a0\u00bb _builder_version=\u00a0\u00bb4.9.5&Prime; custom_padding=\u00a0\u00bb0px|||\u00a0\u00bb global_colors_info=\u00a0\u00bb{}\u00a0\u00bb]Une des normes de th\u00e9rapie respiratoire est d\u2019exercer la profession en respectant le cadre de d\u00e9ontologie et la l\u00e9gislation qui influencent l\u2019exercice de th\u00e9rapie respiratoire. Autrement dit, les th\u00e9rapeutes respiratoires doivent s\u2019assurer de r\u00e9pondre \u00e0 toute exigence l\u00e9gislative concernant l\u2019ex\u00e9cution des actes contr\u00f4l\u00e9s, des actes autoris\u00e9s et des interventions exig\u00e9es \u00e0 leur travail, par exemple, la <em>Loi sur les h\u00f4pitaux publics<\/em> ou la <em>Loi sur les \u00e9tablissements de sant\u00e9 autonomes<\/em>.<br \/>\n[\/et_pb_text][\/et_pb_column][\/et_pb_row][et_pb_row column_structure=\u00a0\u00bb1_3,2_3&Prime; module_id=\u00a0\u00bbemployers\u00a0\u00bb _builder_version=\u00a0\u00bb4.9.5&Prime; global_colors_info=\u00a0\u00bb{}\u00a0\u00bb][et_pb_column type=\u00a0\u00bb1_3&Prime; _builder_version=\u00a0\u00bb3.25&Prime; custom_padding=\u00a0\u00bb|||\u00a0\u00bb global_colors_info=\u00a0\u00bb{}\u00a0\u00bb custom_padding__hover=\u00a0\u00bb|||\u00a0\u00bb][et_pb_text admin_label=\u00a0\u00bbPerformance\u00a0\u00bb _builder_version=\u00a0\u00bb4.9.5&Prime; header_font_size=\u00a0\u00bb45px\u00a0\u00bb custom_margin=\u00a0\u00bb||10px|\u00a0\u00bb global_colors_info=\u00a0\u00bb{}\u00a0\u00bb]<\/p>\n<h2><strong>Exigences de l\u2019employeur<br \/>\n<\/strong><\/h2>\n<p>[\/et_pb_text][\/et_pb_column][et_pb_column type=\u00a0\u00bb2_3&Prime; _builder_version=\u00a0\u00bb3.25&Prime; custom_padding=\u00a0\u00bb|||\u00a0\u00bb global_colors_info=\u00a0\u00bb{}\u00a0\u00bb custom_padding__hover=\u00a0\u00bb|||\u00a0\u00bb][et_pb_text admin_label=\u00a0\u00bbPerformance Expectations\u00a0\u00bb _builder_version=\u00a0\u00bb4.9.5&Prime; custom_padding=\u00a0\u00bb0px|||\u00a0\u00bb global_colors_info=\u00a0\u00bb{}\u00a0\u00bb]Votre employeur peut se doter de politiques concernant l\u2019autorisation des th\u00e9rapeutes respiratoires \u00e0 ex\u00e9cuter certaines interventions, dont les actes contr\u00f4l\u00e9s, les actes autoris\u00e9s et les actes faisant partie du domaine public. Si les politiques de votre employeur sont plus restrictives que les attentes de l\u2019OTRO, vous devez respecter les politiques de votre employeur. Si les politiques de votre employeur sont plus permissives que les attentes de l\u2019OTRO, vous devez vous conformer aux attentes de l\u2019OTRO.<br \/>\n[\/et_pb_text][\/et_pb_column][\/et_pb_row][et_pb_row column_structure=\u00a0\u00bb1_5,3_5,1_5&Prime; module_id=\u00a0\u00bbemployers\u00a0\u00bb _builder_version=\u00a0\u00bb4.9.5&Prime; global_colors_info=\u00a0\u00bb{}\u00a0\u00bb][et_pb_column type=\u00a0\u00bb1_5&Prime; _builder_version=\u00a0\u00bb3.25&Prime; custom_padding=\u00a0\u00bb|||\u00a0\u00bb global_colors_info=\u00a0\u00bb{}\u00a0\u00bb custom_padding__hover=\u00a0\u00bb|||\u00a0\u00bb][\/et_pb_column][et_pb_column type=\u00a0\u00bb3_5&Prime; _builder_version=\u00a0\u00bb3.25&Prime; custom_padding=\u00a0\u00bb|||\u00a0\u00bb global_colors_info=\u00a0\u00bb{}\u00a0\u00bb custom_padding__hover=\u00a0\u00bb|||\u00a0\u00bb][et_pb_text admin_label=\u00a0\u00bbPerformance Expectations\u00a0\u00bb _builder_version=\u00a0\u00bb4.9.5&Prime; custom_padding=\u00a0\u00bb0px|||\u00a0\u00bb global_colors_info=\u00a0\u00bb{}\u00a0\u00bb]Pour obtenir des \u00e9claircissements sur les proc\u00e9dures ou les activit\u00e9s qui ne sont pas \u00e9num\u00e9r\u00e9es dans cette directive, veuillez contacter :<\/p>\n<p><strong>Conseill\u00e8re sur l\u2019exercice de la profession, <\/strong>Ordre des th\u00e9rapeutes respiratoires de l\u2019Ontario 180, rue Dundas Ouest, bureau 2103 Toronto (Ontario), M5G 1Z8, T\u00e9l\u00e9phone 416-591-7800 | Sans frais 1-800-261-0528 | T\u00e9l\u00e9copieur 416-591-7890 | Courriel <a href=\"mailto:questions@crto.on.ca\">questions@crto.on.ca<\/a><br \/>\n[\/et_pb_text][\/et_pb_column][et_pb_column type=\u00a0\u00bb1_5&Prime; _builder_version=\u00a0\u00bb3.25&Prime; custom_padding=\u00a0\u00bb|||\u00a0\u00bb global_colors_info=\u00a0\u00bb{}\u00a0\u00bb custom_padding__hover=\u00a0\u00bb|||\u00a0\u00bb][\/et_pb_column][\/et_pb_row][\/et_pb_section][et_pb_section fb_built=\u00a0\u00bb1&Prime; inner_shadow=\u00a0\u00bbon\u00a0\u00bb module_id=\u00a0\u00bbfootnote\u00a0\u00bb _builder_version=\u00a0\u00bb3.22&Prime; use_background_color_gradient=\u00a0\u00bbon\u00a0\u00bb background_color_gradient_start=\u00a0\u00bb#ffffff\u00a0\u00bb background_color_gradient_end=\u00a0\u00bb#ededed\u00a0\u00bb background_color_gradient_type=\u00a0\u00bbradial\u00a0\u00bb background_color_gradient_start_position=\u00a0\u00bb53%\u00a0\u00bb custom_padding=\u00a0\u00bb20px||20px|\u00a0\u00bb global_colors_info=\u00a0\u00bb{}\u00a0\u00bb][et_pb_row column_structure=\u00a0\u00bb1_2,1_4,1_4&Prime; _builder_version=\u00a0\u00bb3.25&Prime; global_colors_info=\u00a0\u00bb{}\u00a0\u00bb][et_pb_column type=\u00a0\u00bb1_2&Prime; _builder_version=\u00a0\u00bb3.25&Prime; custom_padding=\u00a0\u00bb|||\u00a0\u00bb global_colors_info=\u00a0\u00bb{}\u00a0\u00bb custom_padding__hover=\u00a0\u00bb|||\u00a0\u00bb][\/et_pb_column][et_pb_column type=\u00a0\u00bb1_4&Prime; _builder_version=\u00a0\u00bb3.25&Prime; custom_padding=\u00a0\u00bb|||\u00a0\u00bb global_colors_info=\u00a0\u00bb{}\u00a0\u00bb custom_padding__hover=\u00a0\u00bb|||\u00a0\u00bb][\/et_pb_column][et_pb_column type=\u00a0\u00bb1_4&Prime; _builder_version=\u00a0\u00bb3.25&Prime; custom_padding=\u00a0\u00bb|||\u00a0\u00bb global_colors_info=\u00a0\u00bb{}\u00a0\u00bb custom_padding__hover=\u00a0\u00bb|||\u00a0\u00bb][et_pb_button button_url=\u00a0\u00bb@ET-DC@eyJkeW5hbWljIjp0cnVlLCJjb250ZW50IjoicG9zdF9saW5rX3VybF9wYWdlIiwic2V0dGluZ3MiOnsicG9zdF9pZCI6IjM0MTAifX0=@\u00a0\u00bb button_text=\u00a0\u00bbpr\u00e9c\u00e9dent\u00a0\u00bb button_alignment=\u00a0\u00bbright\u00a0\u00bb admin_label=\u00a0\u00bbPrevious\u00a0\u00bb _builder_version=\u00a0\u00bb4.9.5&Prime; _dynamic_attributes=\u00a0\u00bbbutton_url\u00a0\u00bb animation_style=\u00a0\u00bbfade\u00a0\u00bb global_colors_info=\u00a0\u00bb{}\u00a0\u00bb button_text_size__hover_enabled=\u00a0\u00bboff\u00a0\u00bb button_one_text_size__hover_enabled=\u00a0\u00bboff\u00a0\u00bb button_two_text_size__hover_enabled=\u00a0\u00bboff\u00a0\u00bb button_text_color__hover_enabled=\u00a0\u00bboff\u00a0\u00bb button_one_text_color__hover_enabled=\u00a0\u00bboff\u00a0\u00bb button_two_text_color__hover_enabled=\u00a0\u00bboff\u00a0\u00bb button_border_width__hover_enabled=\u00a0\u00bboff\u00a0\u00bb button_one_border_width__hover_enabled=\u00a0\u00bboff\u00a0\u00bb button_two_border_width__hover_enabled=\u00a0\u00bboff\u00a0\u00bb button_border_color__hover_enabled=\u00a0\u00bboff\u00a0\u00bb button_one_border_color__hover_enabled=\u00a0\u00bboff\u00a0\u00bb button_two_border_color__hover_enabled=\u00a0\u00bboff\u00a0\u00bb button_border_radius__hover_enabled=\u00a0\u00bboff\u00a0\u00bb button_one_border_radius__hover_enabled=\u00a0\u00bboff\u00a0\u00bb button_two_border_radius__hover_enabled=\u00a0\u00bboff\u00a0\u00bb button_letter_spacing__hover_enabled=\u00a0\u00bboff\u00a0\u00bb button_one_letter_spacing__hover_enabled=\u00a0\u00bboff\u00a0\u00bb button_two_letter_spacing__hover_enabled=\u00a0\u00bboff\u00a0\u00bb button_bg_color__hover_enabled=\u00a0\u00bboff\u00a0\u00bb button_one_bg_color__hover_enabled=\u00a0\u00bboff\u00a0\u00bb button_two_bg_color__hover_enabled=\u00a0\u00bboff\u00a0\u00bb][\/et_pb_button][\/et_pb_column][\/et_pb_row][\/et_pb_section]<\/p>\n","protected":false},"excerpt":{"rendered":"<p>Autres consid\u00e9rations Lois pertinentes Une des normes de th\u00e9rapie respiratoire est d\u2019exercer la profession en respectant le cadre de d\u00e9ontologie et la l\u00e9gislation qui influencent l\u2019exercice de th\u00e9rapie respiratoire. Autrement dit, les th\u00e9rapeutes respiratoires doivent s\u2019assurer de r\u00e9pondre \u00e0 toute exigence l\u00e9gislative concernant l\u2019ex\u00e9cution des actes contr\u00f4l\u00e9s, des actes autoris\u00e9s et des interventions exig\u00e9es \u00e0 [&hellip;]<\/p>\n","protected":false},"author":6,"featured_media":0,"parent":0,"menu_order":0,"comment_status":"closed","ping_status":"closed","template":"","meta":{"_et_pb_use_builder":"on","_et_pb_old_content":"","_et_gb_content_width":"","footnotes":""},"class_list":["post-3573","page","type-page","status-publish","hentry"],"yoast_head":"<!-- This site is optimized with the Yoast SEO plugin v26.9 - https:\/\/yoast.com\/product\/yoast-seo-wordpress\/ -->\n<title>Autres consid\u00e9rations - Interpretation of Authorized Acts<\/title>\n<meta name=\"robots\" content=\"index, follow, max-snippet:-1, max-image-preview:large, max-video-preview:-1\" \/>\n<link rel=\"canonical\" href=\"https:\/\/interpretation.crto.on.ca\/fr\/autres-considerations\/\" \/>\n<meta property=\"og:locale\" content=\"fr_FR\" \/>\n<meta property=\"og:type\" content=\"article\" \/>\n<meta property=\"og:title\" content=\"Autres consid\u00e9rations - Interpretation of Authorized Acts\" \/>\n<meta property=\"og:description\" content=\"Autres consid\u00e9rations Lois pertinentes Une des normes de th\u00e9rapie respiratoire est d\u2019exercer la profession en respectant le cadre de d\u00e9ontologie et la l\u00e9gislation qui influencent l\u2019exercice de th\u00e9rapie respiratoire. Autrement dit, les th\u00e9rapeutes respiratoires doivent s\u2019assurer de r\u00e9pondre \u00e0 toute exigence l\u00e9gislative concernant l\u2019ex\u00e9cution des actes contr\u00f4l\u00e9s, des actes autoris\u00e9s et des interventions exig\u00e9es \u00e0 [&hellip;]\" \/>\n<meta property=\"og:url\" content=\"https:\/\/interpretation.crto.on.ca\/fr\/autres-considerations\/\" \/>\n<meta property=\"og:site_name\" content=\"Interpretation of Authorized Acts\" \/>\n<meta property=\"article:modified_time\" content=\"2021-11-30T21:14:26+00:00\" \/>\n<meta name=\"twitter:card\" content=\"summary_large_image\" \/>\n<meta name=\"twitter:label1\" content=\"Est. reading time\" \/>\n\t<meta name=\"twitter:data1\" content=\"2 minutes\" \/>\n<script type=\"application\/ld+json\" class=\"yoast-schema-graph\">{\"@context\":\"https:\/\/schema.org\",\"@graph\":[{\"@type\":\"WebPage\",\"@id\":\"https:\/\/interpretation.crto.on.ca\/fr\/autres-considerations\/\",\"url\":\"https:\/\/interpretation.crto.on.ca\/fr\/autres-considerations\/\",\"name\":\"Autres consid\u00e9rations - Interpretation of Authorized Acts\",\"isPartOf\":{\"@id\":\"https:\/\/interpretation.crto.on.ca\/#website\"},\"datePublished\":\"2021-09-15T03:11:02+00:00\",\"dateModified\":\"2021-11-30T21:14:26+00:00\",\"breadcrumb\":{\"@id\":\"https:\/\/interpretation.crto.on.ca\/fr\/autres-considerations\/#breadcrumb\"},\"inLanguage\":\"fr-FR\",\"potentialAction\":[{\"@type\":\"ReadAction\",\"target\":[\"https:\/\/interpretation.crto.on.ca\/fr\/autres-considerations\/\"]}]},{\"@type\":\"BreadcrumbList\",\"@id\":\"https:\/\/interpretation.crto.on.ca\/fr\/autres-considerations\/#breadcrumb\",\"itemListElement\":[{\"@type\":\"ListItem\",\"position\":1,\"name\":\"Home\",\"item\":\"https:\/\/interpretation.crto.on.ca\/fr\/\"},{\"@type\":\"ListItem\",\"position\":2,\"name\":\"Autres consid\u00e9rations\"}]},{\"@type\":\"WebSite\",\"@id\":\"https:\/\/interpretation.crto.on.ca\/#website\",\"url\":\"https:\/\/interpretation.crto.on.ca\/\",\"name\":\"Interpretation of Authorized Acts\",\"description\":\"\",\"potentialAction\":[{\"@type\":\"SearchAction\",\"target\":{\"@type\":\"EntryPoint\",\"urlTemplate\":\"https:\/\/interpretation.crto.on.ca\/?s={search_term_string}\"},\"query-input\":{\"@type\":\"PropertyValueSpecification\",\"valueRequired\":true,\"valueName\":\"search_term_string\"}}],\"inLanguage\":\"fr-FR\"}]}<\/script>\n<!-- \/ Yoast SEO plugin. -->","yoast_head_json":{"title":"Autres consid\u00e9rations - Interpretation of Authorized Acts","robots":{"index":"index","follow":"follow","max-snippet":"max-snippet:-1","max-image-preview":"max-image-preview:large","max-video-preview":"max-video-preview:-1"},"canonical":"https:\/\/interpretation.crto.on.ca\/fr\/autres-considerations\/","og_locale":"fr_FR","og_type":"article","og_title":"Autres consid\u00e9rations - Interpretation of Authorized Acts","og_description":"Autres consid\u00e9rations Lois pertinentes Une des normes de th\u00e9rapie respiratoire est d\u2019exercer la profession en respectant le cadre de d\u00e9ontologie et la l\u00e9gislation qui influencent l\u2019exercice de th\u00e9rapie respiratoire. Autrement dit, les th\u00e9rapeutes respiratoires doivent s\u2019assurer de r\u00e9pondre \u00e0 toute exigence l\u00e9gislative concernant l\u2019ex\u00e9cution des actes contr\u00f4l\u00e9s, des actes autoris\u00e9s et des interventions exig\u00e9es \u00e0 [&hellip;]","og_url":"https:\/\/interpretation.crto.on.ca\/fr\/autres-considerations\/","og_site_name":"Interpretation of Authorized Acts","article_modified_time":"2021-11-30T21:14:26+00:00","twitter_card":"summary_large_image","twitter_misc":{"Est. reading time":"2 minutes"},"schema":{"@context":"https:\/\/schema.org","@graph":[{"@type":"WebPage","@id":"https:\/\/interpretation.crto.on.ca\/fr\/autres-considerations\/","url":"https:\/\/interpretation.crto.on.ca\/fr\/autres-considerations\/","name":"Autres consid\u00e9rations - Interpretation of Authorized Acts","isPartOf":{"@id":"https:\/\/interpretation.crto.on.ca\/#website"},"datePublished":"2021-09-15T03:11:02+00:00","dateModified":"2021-11-30T21:14:26+00:00","breadcrumb":{"@id":"https:\/\/interpretation.crto.on.ca\/fr\/autres-considerations\/#breadcrumb"},"inLanguage":"fr-FR","potentialAction":[{"@type":"ReadAction","target":["https:\/\/interpretation.crto.on.ca\/fr\/autres-considerations\/"]}]},{"@type":"BreadcrumbList","@id":"https:\/\/interpretation.crto.on.ca\/fr\/autres-considerations\/#breadcrumb","itemListElement":[{"@type":"ListItem","position":1,"name":"Home","item":"https:\/\/interpretation.crto.on.ca\/fr\/"},{"@type":"ListItem","position":2,"name":"Autres consid\u00e9rations"}]},{"@type":"WebSite","@id":"https:\/\/interpretation.crto.on.ca\/#website","url":"https:\/\/interpretation.crto.on.ca\/","name":"Interpretation of Authorized Acts","description":"","potentialAction":[{"@type":"SearchAction","target":{"@type":"EntryPoint","urlTemplate":"https:\/\/interpretation.crto.on.ca\/?s={search_term_string}"},"query-input":{"@type":"PropertyValueSpecification","valueRequired":true,"valueName":"search_term_string"}}],"inLanguage":"fr-FR"}]}},"_links":{"self":[{"href":"https:\/\/interpretation.crto.on.ca\/fr\/wp-json\/wp\/v2\/pages\/3573","targetHints":{"allow":["GET"]}}],"collection":[{"href":"https:\/\/interpretation.crto.on.ca\/fr\/wp-json\/wp\/v2\/pages"}],"about":[{"href":"https:\/\/interpretation.crto.on.ca\/fr\/wp-json\/wp\/v2\/types\/page"}],"author":[{"embeddable":true,"href":"https:\/\/interpretation.crto.on.ca\/fr\/wp-json\/wp\/v2\/users\/6"}],"replies":[{"embeddable":true,"href":"https:\/\/interpretation.crto.on.ca\/fr\/wp-json\/wp\/v2\/comments?post=3573"}],"version-history":[{"count":4,"href":"https:\/\/interpretation.crto.on.ca\/fr\/wp-json\/wp\/v2\/pages\/3573\/revisions"}],"predecessor-version":[{"id":3649,"href":"https:\/\/interpretation.crto.on.ca\/fr\/wp-json\/wp\/v2\/pages\/3573\/revisions\/3649"}],"wp:attachment":[{"href":"https:\/\/interpretation.crto.on.ca\/fr\/wp-json\/wp\/v2\/media?parent=3573"}],"curies":[{"name":"wp","href":"https:\/\/api.w.org\/{rel}","templated":true}]}}